{"id":4909,"date":"2024-08-15T13:54:03","date_gmt":"2024-08-15T13:54:03","guid":{"rendered":"https:\/\/woodrise2025.com\/?page_id=4909"},"modified":"2024-09-18T13:43:12","modified_gmt":"2024-09-18T13:43:12","slug":"news","status":"publish","type":"page","link":"https:\/\/woodrise2025.com\/fr\/news\/","title":{"rendered":"News"},"content":{"rendered":"<div data-elementor-type=\"wp-page\" data-elementor-id=\"4909\" class=\"elementor elementor-4909\" data-elementor-post-type=\"page\">\n\t\t\t\t\t\t<section class=\"elementor-section elementor-top-section elementor-element elementor-element-eb7fbbe elementor-hidden-tablet elementor-hidden-mobile elementor-section-boxed elementor-section-height-default elementor-section-height-default\" data-id=\"eb7fbbe\" data-element_type=\"section\" data-e-type=\"section\" data-settings=\"{&quot;background_background&quot;:&quot;gradient&quot;}\">\n\t\t\t\t\t\t\t<div class=\"elementor-background-overlay\"><\/div>\n\t\t\t\t\t\t\t<div class=\"elementor-container elementor-column-gap-default\">\n\t\t\t\t\t<div class=\"elementor-column elementor-col-100 elementor-top-column elementor-element elementor-element-6bb051e\" data-id=\"6bb051e\" data-element_type=\"column\" data-e-type=\"column\">\n\t\t\t<div class=\"elementor-widget-wrap elementor-element-populated\">\n\t\t\t\t\t\t<section class=\"elementor-section elementor-inner-section elementor-element elementor-element-6fcf222 elementor-section-boxed elementor-section-height-default elementor-section-height-default\" data-id=\"6fcf222\" data-element_type=\"section\" data-e-type=\"section\">\n\t\t\t\t\t\t<div class=\"elementor-container elementor-column-gap-default\">\n\t\t\t\t\t<div class=\"elementor-column elementor-col-50 elementor-inner-column elementor-element elementor-element-f39d550\" data-id=\"f39d550\" data-element_type=\"column\" data-e-type=\"column\">\n\t\t\t<div class=\"elementor-widget-wrap\">\n\t\t\t\t\t\t\t<\/div>\n\t\t<\/div>\n\t\t\t\t<div class=\"elementor-column elementor-col-50 elementor-inner-column elementor-element elementor-element-db455ee\" data-id=\"db455ee\" data-element_type=\"column\" data-e-type=\"column\">\n\t\t\t<div class=\"elementor-widget-wrap elementor-element-populated\">\n\t\t\t\t\t\t<div class=\"elementor-element elementor-element-c63247b elementor-widget elementor-widget-heading\" data-id=\"c63247b\" data-element_type=\"widget\" data-e-type=\"widget\" data-widget_type=\"heading.default\">\n\t\t\t\t<div class=\"elementor-widget-container\">\n\t\t\t\t\t<h1 class=\"elementor-heading-title elementor-size-default\">Woodrise 2025 <br><b>News<\/b><\/h1>\t\t\t\t<\/div>\n\t\t\t\t<\/div>\n\t\t\t\t\t<\/div>\n\t\t<\/div>\n\t\t\t\t\t<\/div>\n\t\t<\/section>\n\t\t\t\t\t<\/div>\n\t\t<\/div>\n\t\t\t\t\t<\/div>\n\t\t<\/section>\n\t\t<div class=\"elementor-element elementor-element-69cf4ff e-flex e-con-boxed e-con e-parent\" data-id=\"69cf4ff\" data-element_type=\"container\" data-e-type=\"container\">\n\t\t\t\t\t<div class=\"e-con-inner\">\n\t\t<div class=\"elementor-element elementor-element-1fa966d e-con-full e-flex e-con e-child\" data-id=\"1fa966d\" data-element_type=\"container\" data-e-type=\"container\">\n\t\t\t\t<div class=\"elementor-element elementor-element-b0cf304 elementor-widget elementor-widget-heading\" data-id=\"b0cf304\" data-element_type=\"widget\" data-e-type=\"widget\" data-widget_type=\"heading.default\">\n\t\t\t\t<div class=\"elementor-widget-container\">\n\t\t\t\t\t<h2 class=\"elementor-heading-title elementor-size-default\">News<\/h2>\t\t\t\t<\/div>\n\t\t\t\t<\/div>\n\t\t\t\t<div class=\"elementor-element elementor-element-8aa9188 elementor-widget-divider--view-line elementor-widget elementor-widget-divider\" data-id=\"8aa9188\" data-element_type=\"widget\" data-e-type=\"widget\" data-widget_type=\"divider.default\">\n\t\t\t\t<div class=\"elementor-widget-container\">\n\t\t\t\t\t\t\t<div class=\"elementor-divider\">\n\t\t\t<span class=\"elementor-divider-separator\">\n\t\t\t\t\t\t<\/span>\n\t\t<\/div>\n\t\t\t\t\t\t<\/div>\n\t\t\t\t<\/div>\n\t\t\t\t<div class=\"elementor-element elementor-element-d63eeda premium-blog-align-left elementor-widget elementor-widget-premium-addon-blog\" data-id=\"d63eeda\" data-element_type=\"widget\" data-e-type=\"widget\" data-widget_type=\"premium-addon-blog.default\">\n\t\t\t\t<div class=\"elementor-widget-container\">\n\t\t\t\t\t\t\t<div class=\"premium-error-notice\">\n\t\t\tThe current query has no posts. Please make sure you have published items matching your query.\t\t<\/div>\n\t\t\t\t\t\t<\/div>\n\t\t\t\t<\/div>\n\t\t\t\t<\/div>\n\t\t<div class=\"elementor-element elementor-element-78fa856 e-con-full e-flex e-con e-child\" data-id=\"78fa856\" data-element_type=\"container\" data-e-type=\"container\">\n\t\t\t\t<div class=\"elementor-element elementor-element-3c4356a content-align-cta-default elementor-widget elementor-widget-eael-cta-box\" data-id=\"3c4356a\" data-element_type=\"widget\" data-e-type=\"widget\" data-widget_type=\"eael-cta-box.default\">\n\t\t\t\t<div class=\"elementor-widget-container\">\n\t\t\t\t\t\t\t<div class=\"eael-call-to-action cta-basic bg-lite cta-preset-1\">\n        <h2 class=\"title eael-cta-heading\">Nous joindre<\/h2><p>Vous avez des questions? Communiquez avec nous pour toute demande ou aide relative \u00e0 Woodrise 2025.<\/p><p><strong>Nous sommes l\u00e0 pour vous aider !<\/strong><\/p><a href=\"https:\/\/woodrise2025.com\/fr\/contact\/\" class=\"cta-button cta-preset-1\">Nous joindre<\/a>\t<\/div>\n\t\t\t\t\t\t\t\t<\/div>\n\t\t\t\t<\/div>\n\t\t\t\t<div class=\"elementor-element elementor-element-6a6c001 elementor-widget elementor-widget-heading\" data-id=\"6a6c001\" data-element_type=\"widget\" data-e-type=\"widget\" data-widget_type=\"heading.default\">\n\t\t\t\t<div class=\"elementor-widget-container\">\n\t\t\t\t\t<h2 class=\"elementor-heading-title elementor-size-default\">INFO CONGRES<\/h2>\t\t\t\t<\/div>\n\t\t\t\t<\/div>\n\t\t\t\t<div class=\"elementor-element elementor-element-086449b elementor-widget-divider--view-line elementor-widget elementor-widget-divider\" data-id=\"086449b\" data-element_type=\"widget\" data-e-type=\"widget\" data-widget_type=\"divider.default\">\n\t\t\t\t<div class=\"elementor-widget-container\">\n\t\t\t\t\t\t\t<div class=\"elementor-divider\">\n\t\t\t<span class=\"elementor-divider-separator\">\n\t\t\t\t\t\t<\/span>\n\t\t<\/div>\n\t\t\t\t\t\t<\/div>\n\t\t\t\t<\/div>\n\t\t\t\t<div class=\"elementor-element elementor-element-22e2c5c elementor-widget elementor-widget-text-editor\" data-id=\"22e2c5c\" data-element_type=\"widget\" data-e-type=\"widget\" data-widget_type=\"text-editor.default\">\n\t\t\t\t<div class=\"elementor-widget-container\">\n\t\t\t\t\t\t\t\t\t<p><strong>Date du congr\u00e8s\u202f:<\/strong><br \/>22 &#8211; 25 September, 2025<\/p><p><strong>Lieu de l\u2019\u00e9v\u00e9nement\u202f:<\/strong><br \/>1055 Canada Place, Vancouver (C.-B.) <br \/>V6C 0C3, Canada<\/p>\t\t\t\t\t\t\t\t<\/div>\n\t\t\t\t<\/div>\n\t\t\t\t<div class=\"elementor-element elementor-element-57c69c4 elementor-widget elementor-widget-heading\" data-id=\"57c69c4\" data-element_type=\"widget\" data-e-type=\"widget\" data-widget_type=\"heading.default\">\n\t\t\t\t<div class=\"elementor-widget-container\">\n\t\t\t\t\t<h2 class=\"elementor-heading-title elementor-size-default\">RESTEZ \u00c0 L\u2019AFF\u00dbT<\/h2>\t\t\t\t<\/div>\n\t\t\t\t<\/div>\n\t\t\t\t<div class=\"elementor-element elementor-element-71e6e48 elementor-widget-divider--view-line elementor-widget elementor-widget-divider\" data-id=\"71e6e48\" data-element_type=\"widget\" data-e-type=\"widget\" data-widget_type=\"divider.default\">\n\t\t\t\t<div class=\"elementor-widget-container\">\n\t\t\t\t\t\t\t<div class=\"elementor-divider\">\n\t\t\t<span class=\"elementor-divider-separator\">\n\t\t\t\t\t\t<\/span>\n\t\t<\/div>\n\t\t\t\t\t\t<\/div>\n\t\t\t\t<\/div>\n\t\t\t\t<div class=\"elementor-element elementor-element-cc02546 elementor-widget elementor-widget-text-editor\" data-id=\"cc02546\" data-element_type=\"widget\" data-e-type=\"widget\" data-widget_type=\"text-editor.default\">\n\t\t\t\t<div class=\"elementor-widget-container\">\n\t\t\t\t\t\t\t\t\t<p>Suivez FPInnovations sur les m\u00e9dias sociaux pour les derni\u00e8res mises \u00e0 jour de Woodrise 2025.<\/p>\t\t\t\t\t\t\t\t<\/div>\n\t\t\t\t<\/div>\n\t\t\t\t<div class=\"elementor-element elementor-element-5df2cd8 elementor-shape-circle e-grid-align-left e-grid-align-mobile-center elementor-grid-0 elementor-widget elementor-widget-social-icons\" data-id=\"5df2cd8\" data-element_type=\"widget\" data-e-type=\"widget\" data-widget_type=\"social-icons.default\">\n\t\t\t\t<div class=\"elementor-widget-container\">\n\t\t\t\t\t\t\t<div class=\"elementor-social-icons-wrapper elementor-grid\" role=\"list\">\n\t\t\t\t\t\t\t<span class=\"elementor-grid-item\" role=\"listitem\">\n\t\t\t\t\t<a class=\"elementor-icon elementor-social-icon elementor-social-icon- elementor-animation-grow elementor-repeater-item-147bda9\" href=\"https:\/\/x.com\/FPInnovations?mx=2\" target=\"_blank\">\n\t\t\t\t\t\t<span class=\"elementor-screen-only\"><\/span>\n\t\t\t\t\t\t<svg xmlns=\"http:\/\/www.w3.org\/2000\/svg\" viewbox=\"0 0 512 512\"><path d=\"M389.2 48h70.6L305.6 224.2 487 464H345L233.7 318.6 106.5 464H35.8L200.7 275.5 26.8 48H172.4L272.9 180.9 389.2 48zM364.4 421.8h39.1L151.1 88h-42L364.4 421.8z\"><\/path><\/svg>\t\t\t\t\t<\/a>\n\t\t\t\t<\/span>\n\t\t\t\t\t\t\t<span class=\"elementor-grid-item\" role=\"listitem\">\n\t\t\t\t\t<a class=\"elementor-icon elementor-social-icon elementor-social-icon-linkedin elementor-animation-grow elementor-repeater-item-2506101\" href=\"https:\/\/www.linkedin.com\/company\/fpinnovations\" target=\"_blank\" rel=\"noopener\">\n\t\t\t\t\t\t<span class=\"elementor-screen-only\">Linkedin<\/span>\n\t\t\t\t\t\t<i aria-hidden=\"true\" class=\"fab fa-linkedin\"><\/i>\t\t\t\t\t<\/a>\n\t\t\t\t<\/span>\n\t\t\t\t\t<\/div>\n\t\t\t\t\t\t<\/div>\n\t\t\t\t<\/div>\n\t\t\t\t<\/div>\n\t\t\t\t\t<\/div>\n\t\t\t\t<\/div>\n\t\t<div class=\"elementor-element elementor-element-4adc2f7 e-con-full e-flex e-con e-parent\" data-id=\"4adc2f7\" data-element_type=\"container\" data-e-type=\"container\">\n\t\t<div class=\"elementor-element elementor-element-7083d92 e-con-full e-flex e-con e-child\" data-id=\"7083d92\" data-element_type=\"container\" data-e-type=\"container\">\n\t\t\t\t<div class=\"elementor-element elementor-element-6f208f0 elementor-widget elementor-widget-image\" data-id=\"6f208f0\" data-element_type=\"widget\" data-e-type=\"widget\" data-widget_type=\"image.default\">\n\t\t\t\t<div class=\"elementor-widget-container\">\n\t\t\t\t\t\t\t\t\t\t\t\t\t\t\t<img fetchpriority=\"high\" decoding=\"async\" width=\"1900\" height=\"1263\" src=\"https:\/\/woodrise2025.com\/wp-content\/uploads\/2024\/08\/Stanley-Park-Vancouver.jpg\" class=\"attachment-full size-full wp-image-4768\" alt=\"\" srcset=\"https:\/\/woodrise2025.com\/wp-content\/uploads\/2024\/08\/Stanley-Park-Vancouver.jpg 1900w, https:\/\/woodrise2025.com\/wp-content\/uploads\/2024\/08\/Stanley-Park-Vancouver-300x199.jpg 300w, https:\/\/woodrise2025.com\/wp-content\/uploads\/2024\/08\/Stanley-Park-Vancouver-1024x681.jpg 1024w, https:\/\/woodrise2025.com\/wp-content\/uploads\/2024\/08\/Stanley-Park-Vancouver-768x511.jpg 768w, https:\/\/woodrise2025.com\/wp-content\/uploads\/2024\/08\/Stanley-Park-Vancouver-1536x1021.jpg 1536w\" sizes=\"(max-width: 1900px) 100vw, 1900px\" \/>\t\t\t\t\t\t\t\t\t\t\t\t\t\t\t<\/div>\n\t\t\t\t<\/div>\n\t\t\t\t<\/div>\n\t\t<div class=\"elementor-element elementor-element-d886363 e-con-full e-flex e-con e-child\" data-id=\"d886363\" data-element_type=\"container\" data-e-type=\"container\">\n\t\t\t\t<div class=\"elementor-element elementor-element-5277a5d elementor-widget elementor-widget-image\" data-id=\"5277a5d\" data-element_type=\"widget\" data-e-type=\"widget\" data-widget_type=\"image.default\">\n\t\t\t\t<div class=\"elementor-widget-container\">\n\t\t\t\t\t\t\t\t\t\t\t\t\t\t\t<img decoding=\"async\" width=\"1024\" height=\"682\" src=\"https:\/\/woodrise2025.com\/wp-content\/uploads\/2024\/08\/WOODRISE-JOUR-1-ASTRID-LAGOUGINE-208-1024x682.jpg\" class=\"attachment-large size-large wp-image-4883\" alt=\"\" srcset=\"https:\/\/woodrise2025.com\/wp-content\/uploads\/2024\/08\/WOODRISE-JOUR-1-ASTRID-LAGOUGINE-208-1024x682.jpg 1024w, https:\/\/woodrise2025.com\/wp-content\/uploads\/2024\/08\/WOODRISE-JOUR-1-ASTRID-LAGOUGINE-208-300x200.jpg 300w, https:\/\/woodrise2025.com\/wp-content\/uploads\/2024\/08\/WOODRISE-JOUR-1-ASTRID-LAGOUGINE-208-768x512.jpg 768w, https:\/\/woodrise2025.com\/wp-content\/uploads\/2024\/08\/WOODRISE-JOUR-1-ASTRID-LAGOUGINE-208-1536x1024.jpg 1536w, https:\/\/woodrise2025.com\/wp-content\/uploads\/2024\/08\/WOODRISE-JOUR-1-ASTRID-LAGOUGINE-208.jpg 2000w\" sizes=\"(max-width: 1024px) 100vw, 1024px\" \/>\t\t\t\t\t\t\t\t\t\t\t\t\t\t\t<\/div>\n\t\t\t\t<\/div>\n\t\t\t\t<\/div>\n\t\t<div class=\"elementor-element elementor-element-4ead36a e-con-full e-flex e-con e-child\" data-id=\"4ead36a\" data-element_type=\"container\" data-e-type=\"container\">\n\t\t\t\t<div class=\"elementor-element elementor-element-7c7b5b7 elementor-widget elementor-widget-image\" data-id=\"7c7b5b7\" data-element_type=\"widget\" data-e-type=\"widget\" data-widget_type=\"image.default\">\n\t\t\t\t<div class=\"elementor-widget-container\">\n\t\t\t\t\t\t\t\t\t\t\t\t\t\t\t<img decoding=\"async\" width=\"1024\" height=\"682\" src=\"https:\/\/woodrise2025.com\/wp-content\/uploads\/2024\/08\/woodrise-timber-wood-ceiling-1024x682.jpg\" class=\"attachment-large size-large wp-image-4669\" alt=\"\" srcset=\"https:\/\/woodrise2025.com\/wp-content\/uploads\/2024\/08\/woodrise-timber-wood-ceiling-1024x682.jpg 1024w, https:\/\/woodrise2025.com\/wp-content\/uploads\/2024\/08\/woodrise-timber-wood-ceiling-300x200.jpg 300w, https:\/\/woodrise2025.com\/wp-content\/uploads\/2024\/08\/woodrise-timber-wood-ceiling-768x512.jpg 768w, https:\/\/woodrise2025.com\/wp-content\/uploads\/2024\/08\/woodrise-timber-wood-ceiling-1536x1024.jpg 1536w, https:\/\/woodrise2025.com\/wp-content\/uploads\/2024\/08\/woodrise-timber-wood-ceiling.jpg 2000w\" sizes=\"(max-width: 1024px) 100vw, 1024px\" \/>\t\t\t\t\t\t\t\t\t\t\t\t\t\t\t<\/div>\n\t\t\t\t<\/div>\n\t\t\t\t<\/div>\n\t\t<div class=\"elementor-element elementor-element-9d2c911 e-con-full e-flex e-con e-child\" data-id=\"9d2c911\" data-element_type=\"container\" data-e-type=\"container\">\n\t\t\t\t<div class=\"elementor-element elementor-element-9afec8c elementor-widget elementor-widget-image\" data-id=\"9afec8c\" data-element_type=\"widget\" data-e-type=\"widget\" data-widget_type=\"image.default\">\n\t\t\t\t<div class=\"elementor-widget-container\">\n\t\t\t\t\t\t\t\t\t\t\t\t\t\t\t<img loading=\"lazy\" decoding=\"async\" width=\"1024\" height=\"680\" src=\"https:\/\/woodrise2025.com\/wp-content\/uploads\/2024\/08\/WOODRISE-JOUR-1-ASTRID-LAGOUGINE-001-1024x680.jpg\" class=\"attachment-large size-large wp-image-4887\" alt=\"\" srcset=\"https:\/\/woodrise2025.com\/wp-content\/uploads\/2024\/08\/WOODRISE-JOUR-1-ASTRID-LAGOUGINE-001-1024x680.jpg 1024w, https:\/\/woodrise2025.com\/wp-content\/uploads\/2024\/08\/WOODRISE-JOUR-1-ASTRID-LAGOUGINE-001-300x199.jpg 300w, https:\/\/woodrise2025.com\/wp-content\/uploads\/2024\/08\/WOODRISE-JOUR-1-ASTRID-LAGOUGINE-001-768x510.jpg 768w, https:\/\/woodrise2025.com\/wp-content\/uploads\/2024\/08\/WOODRISE-JOUR-1-ASTRID-LAGOUGINE-001-1536x1021.jpg 1536w, https:\/\/woodrise2025.com\/wp-content\/uploads\/2024\/08\/WOODRISE-JOUR-1-ASTRID-LAGOUGINE-001.jpg 2000w\" sizes=\"(max-width: 1024px) 100vw, 1024px\" \/>\t\t\t\t\t\t\t\t\t\t\t\t\t\t\t<\/div>\n\t\t\t\t<\/div>\n\t\t\t\t<\/div>\n\t\t\t\t<\/div>\n\t\t\t\t<\/div>","protected":false},"excerpt":{"rendered":"<p>Woodrise 2025 News News Lorem ipsum dolor sit amet, consectetur adipiscing elit. Lorem ipsum dolor sit amet, consectetur adipiscing elit. \u2022 August 15, 2024 Lorem ipsum dolor sit amet, consectetur adipiscing elit. Vivamus at eleifend justo. Mauris convallis commodo mi at malesuada. Maecenas ultricies suscipit tempus. \u2026 Contact Us Got questions? Contact us for inquiries [&hellip;]<\/p>\n","protected":false},"author":1,"featured_media":5622,"parent":0,"menu_order":0,"comment_status":"closed","ping_status":"closed","template":"","meta":{"site-sidebar-layout":"no-sidebar","site-content-layout":"page-builder","ast-site-content-layout":"full-width-container","site-content-style":"default","site-sidebar-style":"default","ast-global-header-display":"","ast-banner-title-visibility":"","ast-main-header-display":"","ast-hfb-above-header-display":"","ast-hfb-below-header-display":"","ast-hfb-mobile-header-display":"","site-post-title":"disabled","ast-breadcrumbs-content":"","ast-featured-img":"disabled","footer-sml-layout":"","ast-disable-related-posts":"","theme-transparent-header-meta":"","adv-header-id-meta":"","stick-header-meta":"","header-above-stick-meta":"","header-main-stick-meta":"","header-below-stick-meta":"","astra-migrate-meta-layouts":"set","ast-page-background-enabled":"default","ast-page-background-meta":{"desktop":{"background-color":"var(--ast-global-color-4)","background-image":"","background-repeat":"repeat","background-position":"center center","background-size":"auto","background-attachment":"scroll","background-type":"","background-media":"","overlay-type":"","overlay-color":"","overlay-opacity":"","overlay-gradient":""},"tablet":{"background-color":"","background-image":"","background-repeat":"repeat","background-position":"center center","background-size":"auto","background-attachment":"scroll","background-type":"","background-media":"","overlay-type":"","overlay-color":"","overlay-opacity":"","overlay-gradient":""},"mobile":{"background-color":"","background-image":"","background-repeat":"repeat","background-position":"center center","background-size":"auto","background-attachment":"scroll","background-type":"","background-media":"","overlay-type":"","overlay-color":"","overlay-opacity":"","overlay-gradient":""}},"ast-content-background-meta":{"desktop":{"background-color":"var(--ast-global-color-5)","background-image":"","background-repeat":"repeat","background-position":"center center","background-size":"auto","background-attachment":"scroll","background-type":"","background-media":"","overlay-type":"","overlay-color":"","overlay-opacity":"","overlay-gradient":""},"tablet":{"background-color":"var(--ast-global-color-5)","background-image":"","background-repeat":"repeat","background-position":"center center","background-size":"auto","background-attachment":"scroll","background-type":"","background-media":"","overlay-type":"","overlay-color":"","overlay-opacity":"","overlay-gradient":""},"mobile":{"background-color":"var(--ast-global-color-5)","background-image":"","background-repeat":"repeat","background-position":"center center","background-size":"auto","background-attachment":"scroll","background-type":"","background-media":"","overlay-type":"","overlay-color":"","overlay-opacity":"","overlay-gradient":""}},"footnotes":""},"class_list":["post-4909","page","type-page","status-publish","has-post-thumbnail","hentry"],"_links":{"self":[{"href":"https:\/\/woodrise2025.com\/fr\/wp-json\/wp\/v2\/pages\/4909","targetHints":{"allow":["GET"]}}],"collection":[{"href":"https:\/\/woodrise2025.com\/fr\/wp-json\/wp\/v2\/pages"}],"about":[{"href":"https:\/\/woodrise2025.com\/fr\/wp-json\/wp\/v2\/types\/page"}],"author":[{"embeddable":true,"href":"https:\/\/woodrise2025.com\/fr\/wp-json\/wp\/v2\/users\/1"}],"replies":[{"embeddable":true,"href":"https:\/\/woodrise2025.com\/fr\/wp-json\/wp\/v2\/comments?post=4909"}],"version-history":[{"count":38,"href":"https:\/\/woodrise2025.com\/fr\/wp-json\/wp\/v2\/pages\/4909\/revisions"}],"predecessor-version":[{"id":5636,"href":"https:\/\/woodrise2025.com\/fr\/wp-json\/wp\/v2\/pages\/4909\/revisions\/5636"}],"wp:featuredmedia":[{"embeddable":true,"href":"https:\/\/woodrise2025.com\/fr\/wp-json\/wp\/v2\/media\/5622"}],"wp:attachment":[{"href":"https:\/\/woodrise2025.com\/fr\/wp-json\/wp\/v2\/media?parent=4909"}],"curies":[{"name":"wp","href":"https:\/\/api.w.org\/{rel}","templated":true}]}}